{"id":868,"date":"2021-08-22T14:34:01","date_gmt":"2021-08-22T12:34:01","guid":{"rendered":"http:\/\/www.kalbus.de\/?page_id=868"},"modified":"2021-08-22T14:34:01","modified_gmt":"2021-08-22T12:34:01","slug":"bodensee-2021","status":"publish","type":"page","link":"https:\/\/www.kalbus.de\/?page_id=868","title":{"rendered":"Bodensee 2021"},"content":{"rendered":"\n<p>Wie schon zu Pfingsten hatten sich die Bedingungen zum Reisen nicht wirklich ge\u00e4ndert. Die Unsicherheiten f\u00fcr Reisen ins Ausland sind geblieben und so habe ich mir ein anderes Ziel gesucht. Der Bodensee &#8211; Wasser, Berge und Sonnenunterg\u00e4nge.<\/p>\n\n\n\n<figure class=\"wp-block-image\"><img loading=\"lazy\" decoding=\"async\" width=\"1024\" height=\"683\" src=\"https:\/\/www.kalbus.de\/wp-content\/uploads\/2021\/08\/2021_0820_11335000-1024x683.jpg\" alt=\"Wasserburg am Abend\" class=\"wp-image-869\" srcset=\"https:\/\/www.kalbus.de\/wp-content\/uploads\/2021\/08\/2021_0820_11335000-1024x683.jpg 1024w, https:\/\/www.kalbus.de\/wp-content\/uploads\/2021\/08\/2021_0820_11335000-300x200.jpg 300w, https:\/\/www.kalbus.de\/wp-content\/uploads\/2021\/08\/2021_0820_11335000-768x512.jpg 768w, https:\/\/www.kalbus.de\/wp-content\/uploads\/2021\/08\/2021_0820_11335000.jpg 1776w\" sizes=\"auto, (max-width: 1024px) 100vw, 1024px\" \/><figcaption>Wasserburg am Bodensee<\/figcaption><\/figure>\n\n\n\n<p>In der Woche vor dem Urlaub habe ich dann schon meinen Wohnwagen \u00fcberpr\u00fcft und reisefertig gemacht. Und mit jeder Reise stellt sich mehr Routine ein und die Vorbereitungen sind immer schneller fertig.<\/p>\n\n\n\n<p>Tag 1 <a href=\"https:\/\/www.kalbus.de\/?p=829\">Anreise<\/a><br>Entgegen meinen Reisezielen im Norden ist der Bodensee mit etwas mehr als 310 km Entfernung vergleichsweise nahe und somit entspannter. Am ersten Tag ging es dann auch gleich noch ins Wasser.<\/p>\n\n\n\n<p>Tag 2 <a href=\"https:\/\/www.kalbus.de\/?p=831\">Museumstag<\/a><br>Das Wetter ist deutlich schlechter geworden und es hat nur geregnet, also gab es einen Museumstag.<\/p>\n\n\n\n<p>Tag 3 <a href=\"https:\/\/www.kalbus.de\/?p=840\">Panorama Schiffahrt<\/a><br>Die Schiffe auf dem Bodensee verbinden die Orte wie es andernorts durch Busse gemacht wird. Also raus aufs Boot und genie\u00dfen.<\/p>\n\n\n\n<p>Tag 4 <a href=\"https:\/\/www.kalbus.de\/?p=855\">Bodensee Rundfahrt mit dem Auto<\/a><br>Eigentlich nicht so geplant, aber letztlich bin ich dann einmal um den See gefahren, durch die Schweiz und \u00d6sterreich.<\/p>\n\n\n\n<p>Tag 5 <a href=\"https:\/\/www.kalbus.de\/?p=858\">Mit dem Boot nach Bregenz<\/a><br>Nach den Erfahrungen des Vortags bin ich wieder auf das Schiff umgestiegen und habe einen Ausflug auf den Pf\u00e4nder gemacht.<\/p>\n\n\n\n<p>Tag 6 <a href=\"https:\/\/www.kalbus.de\/?p=864\">Schon wieder Schluss&#8230;<\/a><br>Der letzte ganze Tag im Urlaub und bei sch\u00f6nem Wetter wieder Baden und Entspannen.<\/p>\n\n\n\n<p>Am folgenden Tag ging es dann schon wieder um 10 Uhr vom Campingplatz los auf den Weg nach Hause. <\/p>\n","protected":false},"excerpt":{"rendered":"<p>Wie schon zu Pfingsten hatten sich die Bedingungen zum Reisen nicht wirklich ge\u00e4ndert. Die Unsicherheiten f\u00fcr Reisen ins Ausland sind geblieben und so habe ich mir ein anderes Ziel gesucht. Der Bodensee &#8211; Wasser, Berge und Sonnenunterg\u00e4nge. In der Woche vor dem Urlaub habe ich dann schon meinen Wohnwagen \u00fcberpr\u00fcft und reisefertig gemacht. Und mit &hellip; <a href=\"https:\/\/www.kalbus.de\/?page_id=868\" class=\"more-link\"><span class=\"screen-reader-text\">Bodensee 2021<\/span> weiterlesen<\/a><\/p>\n","protected":false},"author":2,"featured_media":0,"parent":0,"menu_order":0,"comment_status":"closed","ping_status":"closed","template":"","meta":{"footnotes":""},"class_list":["post-868","page","type-page","status-publish","hentry"],"jetpack_shortlink":"https:\/\/wp.me\/P2LFC5-e0","jetpack_sharing_enabled":true,"_links":{"self":[{"href":"https:\/\/www.kalbus.de\/index.php?rest_route=\/wp\/v2\/pages\/868","targetHints":{"allow":["GET"]}}],"collection":[{"href":"https:\/\/www.kalbus.de\/index.php?rest_route=\/wp\/v2\/pages"}],"about":[{"href":"https:\/\/www.kalbus.de\/index.php?rest_route=\/wp\/v2\/types\/page"}],"author":[{"embeddable":true,"href":"https:\/\/www.kalbus.de\/index.php?rest_route=\/wp\/v2\/users\/2"}],"replies":[{"embeddable":true,"href":"https:\/\/www.kalbus.de\/index.php?rest_route=%2Fwp%2Fv2%2Fcomments&post=868"}],"version-history":[{"count":1,"href":"https:\/\/www.kalbus.de\/index.php?rest_route=\/wp\/v2\/pages\/868\/revisions"}],"predecessor-version":[{"id":870,"href":"https:\/\/www.kalbus.de\/index.php?rest_route=\/wp\/v2\/pages\/868\/revisions\/870"}],"wp:attachment":[{"href":"https:\/\/www.kalbus.de\/index.php?rest_route=%2Fwp%2Fv2%2Fmedia&parent=868"}],"curies":[{"name":"wp","href":"https:\/\/api.w.org\/{rel}","templated":true}]}}