{"id":744,"date":"2020-12-01T21:54:25","date_gmt":"2020-12-01T20:54:25","guid":{"rendered":"http:\/\/www.kalbus.de\/?page_id=744"},"modified":"2020-12-01T21:54:25","modified_gmt":"2020-12-01T20:54:25","slug":"ostsee-2020","status":"publish","type":"page","link":"https:\/\/www.kalbus.de\/?page_id=744","title":{"rendered":"Ostsee 2020"},"content":{"rendered":"\n<p>Das Jahr 2020 war wohl eines der denkw\u00fcrdigsten. Es fing noch ganz gut an, aber mit der COVID Pandemie wurden s\u00e4mtliche Pl\u00e4ne f\u00fcr das Jahr hinf\u00e4llig. So auch mein urspr\u00fcnglicher Plan einer Ostsee Umrundung. <\/p>\n\n\n\n<figure class=\"wp-block-image\"><img loading=\"lazy\" decoding=\"async\" width=\"1024\" height=\"683\" src=\"https:\/\/www.kalbus.de\/wp-content\/uploads\/2020\/08\/DSCF1992-1024x683.jpg\" alt=\"\" class=\"wp-image-669\" srcset=\"https:\/\/www.kalbus.de\/wp-content\/uploads\/2020\/08\/DSCF1992-1024x683.jpg 1024w, https:\/\/www.kalbus.de\/wp-content\/uploads\/2020\/08\/DSCF1992-300x200.jpg 300w, https:\/\/www.kalbus.de\/wp-content\/uploads\/2020\/08\/DSCF1992-768x512.jpg 768w, https:\/\/www.kalbus.de\/wp-content\/uploads\/2020\/08\/DSCF1992.jpg 1200w\" sizes=\"auto, (max-width: 1024px) 100vw, 1024px\" \/><\/figure>\n\n\n\n<p>Was von der Planung \u00fcbrig blieb war die Ostsee, von Deutschland aus. Und es sind einige wundersch\u00f6ne Erinnerungen. Es muss nicht immer die gro\u00dfe Reise sein.<\/p>\n\n\n\n<p>Alle Seiten unter dem Schlagwort <a href=\"https:\/\/www.kalbus.de\/?tag=ostsee-2020\">Ostsee 2020<\/a><\/p>\n\n\n\n<p>Tag 1 <a href=\"https:\/\/www.kalbus.de\/?p=654\">Es geht los<\/a><br>Die Reise beginnt wie so oft schon vor dem ersten Tag damit, das Gespann reisefertig zu machen und die Vorr\u00e4te aufzustocken. Dann aber ging es in einem Tag aus der N\u00e4he von N\u00fcrnberg bis fast nach Stralsund.<\/p>\n\n\n\n<p>Tag 2 <a href=\"https:\/\/www.kalbus.de\/?p=681\">Usedom, Peenem\u00fcnde, Ahlbeck<\/a><br>Der beginnende Herbst trieb mich zur Eile, so dass ich gleich am zweiten Tag einige Punkte meiner Reiseplanung anschauen wollte, denn das Wetter war mir wohl gesonnen.<\/p>\n\n\n\n<p>Tag 3 <a href=\"https:\/\/www.kalbus.de\/?p=684\">Ein Franke auf R\u00fcgen<\/a><br>Das Wetter hatte umgeschlagen und es war regnerisch, aber ich wollte R\u00fcgen sehen. Die Kreidefelsen waren auf dem Plan. Und der Plan war gut, denn bei diesem Wetter waren kaum Touristen unterwegs<\/p>\n\n\n\n<p>Tag 4 <a href=\"https:\/\/www.kalbus.de\/?p=690\">Stralsund<\/a><br>mit dem Oceanium und der Gorch Fock haben mich fasziniert.<\/p>\n\n\n\n<p>Tag 5 <a href=\"https:\/\/www.kalbus.de\/?p=699\">noch einmal R\u00fcgen<\/a><br>nach den Seeb\u00e4dern auf Usedom, wollte ich sehen, was R\u00fcgen so bietet und dann nat\u00fcrlich auch die KDF Anlage Prora, die aber eher entt\u00e4uschend war<\/p>\n\n\n\n<p>Tag 6 <a href=\"https:\/\/www.kalbus.de\/?p=711\">Greifswald<\/a><br>Bei wieder bestem Wetter zog es mich in die sch\u00f6ne Stadt Greifswald und ihre Umgebung <\/p>\n\n\n\n<p>Tag 7 <a href=\"https:\/\/www.kalbus.de\/?p=721\">Hiddensee<\/a><br>zweifelsfrei die entschleunigendste Erfahrung meines Urlaubs. Ein Tag autofrei auf einer wunderbaren Insel<\/p>\n\n\n\n<p>Tag 8 ging es wieder nach Hause<\/p>\n\n\n\n<p>Ich h\u00e4tte sicherlich noch viel mehr Tage zwischen R\u00fcgen, Usedom, Stralsund, Greifswald und Hiddensee verbringen und noch viel mehr entdecken k\u00f6nnen. Was ich aber gesehen habe war ein wundersch\u00f6nes St\u00fcck von Deutschland und eines, dass ich sicherlich noch einmal besuchen werde.<\/p>\n","protected":false},"excerpt":{"rendered":"<p>Das Jahr 2020 war wohl eines der denkw\u00fcrdigsten. Es fing noch ganz gut an, aber mit der COVID Pandemie wurden s\u00e4mtliche Pl\u00e4ne f\u00fcr das Jahr hinf\u00e4llig. So auch mein urspr\u00fcnglicher Plan einer Ostsee Umrundung. Was von der Planung \u00fcbrig blieb war die Ostsee, von Deutschland aus. Und es sind einige wundersch\u00f6ne Erinnerungen. Es muss nicht &hellip; <a href=\"https:\/\/www.kalbus.de\/?page_id=744\" class=\"more-link\"><span class=\"screen-reader-text\">Ostsee 2020<\/span> weiterlesen<\/a><\/p>\n","protected":false},"author":2,"featured_media":0,"parent":0,"menu_order":0,"comment_status":"closed","ping_status":"closed","template":"","meta":{"footnotes":""},"class_list":["post-744","page","type-page","status-publish","hentry"],"jetpack_shortlink":"https:\/\/wp.me\/P2LFC5-c0","jetpack_sharing_enabled":true,"_links":{"self":[{"href":"https:\/\/www.kalbus.de\/index.php?rest_route=\/wp\/v2\/pages\/744","targetHints":{"allow":["GET"]}}],"collection":[{"href":"https:\/\/www.kalbus.de\/index.php?rest_route=\/wp\/v2\/pages"}],"about":[{"href":"https:\/\/www.kalbus.de\/index.php?rest_route=\/wp\/v2\/types\/page"}],"author":[{"embeddable":true,"href":"https:\/\/www.kalbus.de\/index.php?rest_route=\/wp\/v2\/users\/2"}],"replies":[{"embeddable":true,"href":"https:\/\/www.kalbus.de\/index.php?rest_route=%2Fwp%2Fv2%2Fcomments&post=744"}],"version-history":[{"count":1,"href":"https:\/\/www.kalbus.de\/index.php?rest_route=\/wp\/v2\/pages\/744\/revisions"}],"predecessor-version":[{"id":745,"href":"https:\/\/www.kalbus.de\/index.php?rest_route=\/wp\/v2\/pages\/744\/revisions\/745"}],"wp:attachment":[{"href":"https:\/\/www.kalbus.de\/index.php?rest_route=%2Fwp%2Fv2%2Fmedia&parent=744"}],"curies":[{"name":"wp","href":"https:\/\/api.w.org\/{rel}","templated":true}]}}